{"id":978,"date":"2020-04-22T18:10:25","date_gmt":"2020-04-22T16:10:25","guid":{"rendered":"http:\/\/www.a4personal.ch\/?page_id=978"},"modified":"2020-04-23T14:53:10","modified_gmt":"2020-04-23T12:53:10","slug":"arbeitsvermittlung","status":"publish","type":"page","link":"https:\/\/www.a4personal.ch\/de\/arbeitsvermittlung\/","title":{"rendered":"Arbeitsvermittlung"},"content":{"rendered":"<p>[et_pb_section fb_built=&#8220;1&#8243; _builder_version=&#8220;4.4.1&#8243; background_color=&#8220;#666666&#8243; background_image=&#8220;http:\/\/www.a4personal.ch\/wp-content\/uploads\/2020\/03\/map.png&#8220; background_blend=&#8220;overlay&#8220; locked=&#8220;off&#8220;][et_pb_row _builder_version=&#8220;4.4.1&#8243;][et_pb_column type=&#8220;4_4&#8243; _builder_version=&#8220;4.4.1&#8243;][et_pb_text _builder_version=&#8220;4.4.1&#8243; header_text_align=&#8220;center&#8220; header_text_color=&#8220;#ffffff&#8220; hover_enabled=&#8220;0&#8243;]<\/p>\n<h1>Arbeitsvermittlung<\/h1>\n<p>[\/et_pb_text][\/et_pb_column][\/et_pb_row][\/et_pb_section][et_pb_section fb_built=&#8220;1&#8243; _builder_version=&#8220;4.4.1&#8243;][et_pb_row column_structure=&#8220;1_2,1_2&#8243; _builder_version=&#8220;4.4.1&#8243;][et_pb_column type=&#8220;1_2&#8243; _builder_version=&#8220;4.4.1&#8243; background_color=&#8220;#f4f4f4&#8243; custom_padding=&#8220;20px|20px|20px|20px|true|true&#8220;][et_pb_blurb title=&#8220;Festvermittlung&#8220; image=&#8220;http:\/\/www.a4personal.ch\/wp-content\/uploads\/2020\/03\/fisso.png&#8220; icon_placement=&#8220;left&#8220; _builder_version=&#8220;4.4.1&#8243; header_font=&#8220;|300|||||||&#8220; header_font_size=&#8220;18px&#8220; header_line_height_tablet=&#8220;&#8220; header_line_height_phone=&#8220;2em&#8220; header_line_height_last_edited=&#8220;on|phone&#8220;]<\/p>\n<p>Die A4 Personal AG sucht, bewertet und w\u00e4hlt f\u00fcr Sie qualifiziertes und erfahrenes Personal f\u00fcr die von Ihnen festgelegte Funktion. Insbesondere besteht unsere Arbeit aus:<\/p>\n<p>&#8211; der Pr\u00fcfung des organisatorischen Zusammenhanges<\/p>\n<p>&#8211; der Definition der Stellenbeschreibung (Funktion) und des Job-Profils (der Kandidaten Anforderungen)<\/p>\n<p>&#8211; Planung und Ausf\u00fchrung eines Suchprogrammes des Kandidaten durch eine Vielzahl von Portalen<\/p>\n<p>&#8211; der Beurteilung der Beweggr\u00fcnde, der Kompetenzen und der Integrationsf\u00e4higkeit in den vorgesehenen Arbeitsbereichen des Kandidaten durch validierte Testverfahren<\/p>\n<p>&#8211; der Entwicklung einer engeren Auswahl von geeigneten Kandidaten f\u00fcr die zur Verf\u00fcgung stehende Position<\/p>\n<p>&#8211; Unterst\u00fctzung des Kandidaten bei der Auswahl und der Integration ins Unternehmen<\/p>\n<p>&#8211; Pr\u00fcfung und Bewertung der Integration des Kandidaten im Unternehmen<\/p>\n<p>Rufen Sie uns unverz\u00fcglich an, und wir werden Sie mit Ihrem fachkundigen Berater, der ausschlie\u00dflich f\u00fcr Ihre Branche zust\u00e4ndig ist, in Verbindung setzen!<\/p>\n<p>[\/et_pb_blurb][\/et_pb_column][et_pb_column type=&#8220;1_2&#8243; _builder_version=&#8220;4.4.1&#8243;][et_pb_blurb title=&#8220;Personalverleih&#8220; image=&#8220;http:\/\/www.a4personal.ch\/wp-content\/uploads\/2020\/03\/training.png&#8220; icon_placement=&#8220;left&#8220; _builder_version=&#8220;4.4.1&#8243; header_font=&#8220;|300|||||||&#8220; header_font_size=&#8220;18px&#8220; background_color=&#8220;#f4f4f4&#8243; custom_padding=&#8220;20px|20px|20px|20px|true|true&#8220;]<\/p>\n<p>Bauwesen, Industrie, Technischer Bereich, IT, Gewerbe, Gastgewerbe, Medizin..<br \/>Wir verf\u00fcgen \u00fcber eine langj\u00e4hrige Erfahrung in verschiedenen Wirtschaftssektoren. Au\u00dferdem k\u00f6nnen Sie sich mit uns in Verbindung setzen, um sich durch unsere Datenbank \u00fcber Verf\u00fcgung stehende Hilfskr\u00e4fte zu erkundigen, welche zur Verf\u00fcgung stehen.<\/p>\n<p>[\/et_pb_blurb][et_pb_blurb title=&#8220;Try and Hire&#8220; image=&#8220;http:\/\/www.a4personal.ch\/wp-content\/uploads\/2020\/03\/try.png&#8220; icon_placement=&#8220;left&#8220; _builder_version=&#8220;4.4.1&#8243; header_font=&#8220;|300|||||||&#8220; header_font_size=&#8220;18px&#8220; background_color=&#8220;#f4f4f4&#8243; custom_padding=&#8220;20px|20px|20px|20px|true|true&#8220; header_line_height_tablet=&#8220;&#8220; header_line_height_phone=&#8220;2em&#8220; header_line_height_last_edited=&#8220;on|phone&#8220;]<\/p>\n<p>Die A4 Personal AG bietet Ihnen nach dreimonatiger Probezeit und einer gr\u00fcndlichen Rekrutierung die M\u00f6glichkeit an, den Mitarbeiter ohne zus\u00e4tzliche Ausgaben direkt anzustellen.<\/p>\n<p>[\/et_pb_blurb][\/et_pb_column][\/et_pb_row][\/et_pb_section][et_pb_section fb_built=&#8220;1&#8243; _builder_version=&#8220;4.4.1&#8243; background_color=&#8220;#f3b53d&#8220; background_image=&#8220;http:\/\/www.a4personal.ch\/wp-content\/uploads\/2020\/03\/map.png&#8220; custom_padding=&#8220;70px||70px||true|&#8220; locked=&#8220;off&#8220;][et_pb_row _builder_version=&#8220;4.4.1&#8243;][et_pb_column type=&#8220;4_4&#8243; _builder_version=&#8220;4.4.1&#8243;][et_pb_text _builder_version=&#8220;4.4.1&#8243; header_2_font=&#8220;|300|||||||&#8220; header_2_text_align=&#8220;center&#8220; header_2_text_color=&#8220;#ffffff&#8220; header_2_font_size=&#8220;30px&#8220; header_2_line_height=&#8220;0.8em&#8220; custom_margin=&#8220;||11px|||&#8220;]<\/p>\n<h2>Die A4Personal AG ist bekannt f\u00fcr:<\/h2>\n<p>[\/et_pb_text][et_pb_text _builder_version=&#8220;4.4.1&#8243; text_text_color=&#8220;#ffffff&#8220; text_orientation=&#8220;center&#8220;]<\/p>\n<p>&#8211; Das Erarbeiten und Beibehalten eines Vertrauensverh\u00e4ltnisses zu den Mitarbeitern<br \/>&#8211; Die Verwaltung des Gesch\u00e4ftes in voller \u00dcbereinstimmung mit den gesetzlichen Rahmenbedingungen zum<br \/>Schutz des Unternehmens und deren Mitarbeiter<br \/>&#8211; Das Erstellen der Profile der Fachleute in die jeweilig ausgew\u00e4hlten Funktionen, in dessen Unternehmen sie eingesetzt werden sollen;<br \/>&#8211; Die Entwicklung von Motivation, Kompetenz und Erfolg der Mitarbeiter, sie fachgerecht zu qualifizieren und an der Gew\u00e4hrleistung der gew\u00fcnschten Ziele zu beteiligen<br \/>&#8211; Das Bestehen eines Bezugspunktes aller Unternehmen in der Schweiz, die wirklich erfolgreich sein wollen!<\/p>\n<p>[\/et_pb_text][\/et_pb_column][\/et_pb_row][\/et_pb_section][et_pb_section fb_built=&#8220;1&#8243; _builder_version=&#8220;4.4.1&#8243; custom_padding=&#8220;5px|||||&#8220; locked=&#8220;off&#8220;][et_pb_row _builder_version=&#8220;4.4.1&#8243;][et_pb_column type=&#8220;4_4&#8243; _builder_version=&#8220;4.4.1&#8243;][et_pb_text _builder_version=&#8220;4.4.1&#8243; header_2_font=&#8220;|300|||||||&#8220; header_2_text_align=&#8220;center&#8220; header_2_font_size=&#8220;30px&#8220; header_2_line_height=&#8220;0.8em&#8220; custom_margin=&#8220;||11px|||&#8220;]<\/p>\n<h2>Partner und n\u00fctzliche Links<\/h2>\n<p>[\/et_pb_text][\/et_pb_column][\/et_pb_row][et_pb_row column_structure=&#8220;1_3,1_3,1_3&#8243; _builder_version=&#8220;4.4.1&#8243; border_width_top=&#8220;1px&#8220; border_color_top=&#8220;#dddddd&#8220; border_width_bottom=&#8220;1px&#8220; border_color_bottom=&#8220;#dddddd&#8220; locked=&#8220;off&#8220;][et_pb_column type=&#8220;1_3&#8243; _builder_version=&#8220;4.4.1&#8243;][et_pb_image src=&#8220;http:\/\/www.a4personal.ch\/wp-content\/uploads\/2020\/03\/partner_1.png&#8220; url=&#8220;https:\/\/www.swissstaffing.ch\/it\/Home\/index.php&#8220; align=&#8220;center&#8220; _builder_version=&#8220;4.4.1&#8243;][\/et_pb_image][\/et_pb_column][et_pb_column type=&#8220;1_3&#8243; _builder_version=&#8220;4.4.1&#8243; border_width_right=&#8220;1px&#8220; border_color_right=&#8220;#dddddd&#8220; border_width_left=&#8220;1px&#8220; border_color_left=&#8220;#dddddd&#8220; border_width_right_tablet=&#8220;&#8220; border_width_right_phone=&#8220;0px&#8220; border_width_right_last_edited=&#8220;on|phone&#8220; border_width_left_tablet=&#8220;&#8220; border_width_left_phone=&#8220;0px&#8220; border_width_left_last_edited=&#8220;on|phone&#8220;][et_pb_image src=&#8220;http:\/\/www.a4personal.ch\/wp-content\/uploads\/2020\/03\/partner-2.png&#8220; url=&#8220;https:\/\/www.arbeit.swiss\/secoalv\/de\/home\/menue\/unternehmen.html&#8220; align=&#8220;center&#8220; _builder_version=&#8220;4.4.1&#8243;][\/et_pb_image][\/et_pb_column][et_pb_column type=&#8220;1_3&#8243; _builder_version=&#8220;4.4.1&#8243;][et_pb_image src=&#8220;http:\/\/www.a4personal.ch\/wp-content\/uploads\/2020\/03\/partner-3.png&#8220; url=&#8220;https:\/\/www.carlomartines.ch\/&#8220; align=&#8220;center&#8220; _builder_version=&#8220;4.4.1&#8243; custom_margin=&#8220;17px|||||&#8220;][\/et_pb_image][\/et_pb_column][\/et_pb_row][\/et_pb_section]<\/p>\n","protected":false},"excerpt":{"rendered":"<p>Arbeitsvermittlung Die A4 Personal AG sucht, bewertet und w\u00e4hlt f\u00fcr Sie qualifiziertes und erfahrenes Personal f\u00fcr die von Ihnen festgelegte Funktion. Insbesondere besteht unsere Arbeit aus: &#8211; der Pr\u00fcfung des organisatorischen Zusammenhanges &#8211; der Definition der Stellenbeschreibung (Funktion) und des Job-Profils (der Kandidaten Anforderungen) &#8211; Planung und Ausf\u00fchrung eines Suchprogrammes des Kandidaten durch eine Vielzahl [&hellip;]<\/p>\n","protected":false},"author":1,"featured_media":0,"parent":0,"menu_order":0,"comment_status":"closed","ping_status":"closed","template":"","meta":{"_et_pb_use_builder":"on","_et_pb_old_content":"","_et_gb_content_width":"","footnotes":""},"class_list":["post-978","page","type-page","status-publish","hentry"],"_links":{"self":[{"href":"https:\/\/www.a4personal.ch\/de\/wp-json\/wp\/v2\/pages\/978","targetHints":{"allow":["GET"]}}],"collection":[{"href":"https:\/\/www.a4personal.ch\/de\/wp-json\/wp\/v2\/pages"}],"about":[{"href":"https:\/\/www.a4personal.ch\/de\/wp-json\/wp\/v2\/types\/page"}],"author":[{"embeddable":true,"href":"https:\/\/www.a4personal.ch\/de\/wp-json\/wp\/v2\/users\/1"}],"replies":[{"embeddable":true,"href":"https:\/\/www.a4personal.ch\/de\/wp-json\/wp\/v2\/comments?post=978"}],"version-history":[{"count":6,"href":"https:\/\/www.a4personal.ch\/de\/wp-json\/wp\/v2\/pages\/978\/revisions"}],"predecessor-version":[{"id":1040,"href":"https:\/\/www.a4personal.ch\/de\/wp-json\/wp\/v2\/pages\/978\/revisions\/1040"}],"wp:attachment":[{"href":"https:\/\/www.a4personal.ch\/de\/wp-json\/wp\/v2\/media?parent=978"}],"curies":[{"name":"wp","href":"https:\/\/api.w.org\/{rel}","templated":true}]}}