{"id":992,"date":"2020-04-22T18:26:51","date_gmt":"2020-04-22T16:26:51","guid":{"rendered":"http:\/\/www.a4personal.ch\/?page_id=992"},"modified":"2020-04-23T14:56:10","modified_gmt":"2020-04-23T12:56:10","slug":"unternehmensberatung","status":"publish","type":"page","link":"https:\/\/www.a4personal.ch\/de\/unternehmensberatung\/","title":{"rendered":"Unternehmensberatung"},"content":{"rendered":"<p>[et_pb_section fb_built=&#8220;1&#8243; _builder_version=&#8220;4.4.1&#8243; background_color=&#8220;#666666&#8243; background_image=&#8220;http:\/\/www.a4personal.ch\/wp-content\/uploads\/2020\/03\/map.png&#8220; background_blend=&#8220;overlay&#8220; locked=&#8220;off&#8220;][et_pb_row _builder_version=&#8220;4.4.1&#8243;][et_pb_column type=&#8220;4_4&#8243; _builder_version=&#8220;4.4.1&#8243;][et_pb_text _builder_version=&#8220;4.4.1&#8243; header_text_align=&#8220;center&#8220; header_text_color=&#8220;#ffffff&#8220; hover_enabled=&#8220;0&#8243;]<\/p>\n<h1>Unternehmensberatung<\/h1>\n<p>[\/et_pb_text][\/et_pb_column][\/et_pb_row][\/et_pb_section][et_pb_section fb_built=&#8220;1&#8243; _builder_version=&#8220;4.4.1&#8243;][et_pb_row column_structure=&#8220;1_2,1_2&#8243; _builder_version=&#8220;4.4.1&#8243;][et_pb_column type=&#8220;1_2&#8243; _builder_version=&#8220;4.4.1&#8243; background_enable_color=&#8220;off&#8220; custom_padding=&#8220;||||true|true&#8220;][et_pb_blurb title=&#8220;Analyse&#8220; image=&#8220;http:\/\/www.a4personal.ch\/wp-content\/uploads\/2020\/03\/analysis.png&#8220; icon_placement=&#8220;left&#8220; _builder_version=&#8220;4.4.1&#8243; header_font=&#8220;|300|||||||&#8220; header_font_size=&#8220;18px&#8220; background_color=&#8220;#f4f4f4&#8243; custom_padding=&#8220;20px|20px|20px|20px|true|true&#8220;]<\/p>\n<p>Jedes Unternehmen kann durch das Verst\u00e4ndnis der Ver\u00e4nderung des Marktes in dem sie t\u00e4tig ist und dem Erwerb der F\u00e4higkeit sich weiterzuentwickeln, wettbewerbsf\u00e4higer werden.<br \/>Der eigentliche Erfolg h\u00e4ngt von den Personen, die in einer Referenzrolle oder einer Referenzabteilung t\u00e4tig sind , sowohl als auch von der Umsetzung jener Verfahren und jener Abl\u00e4ufe, die dann schlussendlich das Erreichen der gew\u00fcnschten Unternehmungsziele bestimmen, ab.<br \/>Um das zu erreichen, sind drei Hauptfaktoren wichtig: Ressourcen, die motiviert sind in ihrer Funktion aufzugehen, Kompetenz im Erzielen der gew\u00fcnschten Ergebnisse, die F\u00e4higkeit sich zu integrieren und der Umgang mit der Arbeitsumgebung in der sie Erfahrungen sammeln.<br \/>Das auf allen Niveaus in Frage gestellte Personal abzusch\u00e4tzen, hilft uns den Grad der Repr\u00e4sentativit\u00e4t und des Wissens jener zu verstehen, und abzuw\u00e4gen welches Trainingsprogramm oder Coaching durchgef\u00fchrt werden muss, um einen vollst\u00e4ndigen Erfolg zu bewirken.<\/p>\n<p>[\/et_pb_blurb][\/et_pb_column][et_pb_column type=&#8220;1_2&#8243; _builder_version=&#8220;4.4.1&#8243;][et_pb_blurb title=&#8220;Bewertung der Kompetenzen&#8220; image=&#8220;http:\/\/www.a4personal.ch\/wp-content\/uploads\/2020\/03\/skills.png&#8220; icon_placement=&#8220;left&#8220; _builder_version=&#8220;4.4.1&#8243; header_font=&#8220;|300|||||||&#8220; header_font_size=&#8220;18px&#8220; background_color=&#8220;#f4f4f4&#8243; custom_padding=&#8220;20px|20px|20px|20px|true|true&#8220;]<\/p>\n<p>F\u00e4higkeiten sind individuelle Merkmale, die bei Anwendung hervorragende Leistungen hervorbringen k\u00f6nnen. Zu den wichtigsten F\u00e4higkeiten geh\u00f6ren:<\/p>\n<p>&#8211; kognitive F\u00e4higkeiten (kreatives Denken, strategisches Denken, Projektdenken, schnelles Lernen)<\/p>\n<p>&#8211; relationale F\u00e4higkeiten (Beobachtung, Zuh\u00f6ren, Bezugnahme, Flexibilit\u00e4t, Kommunikation)<\/p>\n<p>&#8211; Management (aktives Coaching, Motivierung und Leitung der Mitarbeiter)<\/p>\n<p>&#8211; F\u00e4higkeiten der Realisierung (Zielsetzung, Probleml\u00f6sung, Selbstmotivation, Selbstwirksamkeit)<\/p>\n<p>&#8211; Emotionale Kompetenzen (Stress-Management und emotionale Stabilit\u00e4t, F\u00fchrungswechsel)<\/p>\n<p>&#8211; \u00dcberzeugungskraft (Zustimmung, Absatz, Verhandlung, Beratung)<\/p>\n<p>Die Bewertung der F\u00e4higkeiten ist erforderlich f\u00fcr: die Bestimmung der Schulungen, die Direktiven zum Fortschritt, das Erreichen gew\u00fcnschter Ergebnisse, die Identifizierung der St\u00e4rken, die Optimierung des effizienten Ressourcenmanagements, die perfekte Profilsuche, die Auswahl des Personals und die Vermittlung, die Unternehmenssanierung.<\/p>\n<p>[\/et_pb_blurb][\/et_pb_column][\/et_pb_row][et_pb_row column_structure=&#8220;1_2,1_2&#8243; _builder_version=&#8220;4.4.1&#8243;][et_pb_column type=&#8220;1_2&#8243; _builder_version=&#8220;4.4.1&#8243;][et_pb_blurb title=&#8220;Business and Exekutiv Coaching&#8220; image=&#8220;http:\/\/www.a4personal.ch\/wp-content\/uploads\/2020\/03\/coach.png&#8220; icon_placement=&#8220;left&#8220; _builder_version=&#8220;4.4.1&#8243; header_font=&#8220;|300|||||||&#8220; header_font_size=&#8220;18px&#8220; background_color=&#8220;#f4f4f4&#8243; custom_padding=&#8220;20px|20px|20px|20px|true|true&#8220; header_text_align_tablet=&#8220;&#8220; header_text_align_phone=&#8220;&#8220; header_text_align_last_edited=&#8220;on|phone&#8220; text_orientation_tablet=&#8220;&#8220; text_orientation_phone=&#8220;&#8220; text_orientation_last_edited=&#8220;on|desktop&#8220;]<\/p>\n<div class=\"col-sm-12 col-md-6\">\n<div class=\"post-box post-box-small\">\n<div class=\"post-box-content\">\n<p align=\"left\">Coaching ist eine Wegbegleitung in der Begabungen jedes einzelnen, durch welche pers\u00f6nliche, so wie auch professionelle M\u00f6glichkeiten bekr\u00e4ftigt und hervorgehoben werden, deren Zweck es auch ist, die Leistungen und das Erreichen der gew\u00fcnschten Gesch\u00e4ftsziele zu steigern.<br \/>Coaching arbeitet auf vier Ebenen, die die Top-Performer unabh\u00e4ngig von ihrer eingenommenen Funktion identifiziert:<br \/>Motivation und Ausrichtung auf die Rolle, Ziele und Richtf\u00e4higkeit, Bewertungskriterien der eigenen Arbeit und der von anderen, Selbstkorrekturstrategien.<br \/>Der Coach und der Coachee bilden eine Allianz, um zusammen aus dieser ein besonderes Erlebnis gegenseitiger Realisierung zu entwickeln.<br \/>Die Dauer der Begleitung, H\u00e4ufigkeit und Dauer der Sitzungen werden gemeinsam vereinbart, um das Erlernen zu maximieren.<br \/>Falls ein Referenz Ausschuss, der als Sponsor fungiert und das Coaching-Projekt leitet, vorhanden ist, werden diese \u00fcber das laufende Projekt informiert.<\/p>\n<\/div>\n<\/div>\n<\/div>\n<div class=\"col-sm-12 col-md-6\">\n<div class=\"post-box post-box-small\"><\/div>\n<\/div>\n<p>&nbsp;<\/p>\n<p>[\/et_pb_blurb][\/et_pb_column][et_pb_column type=&#8220;1_2&#8243; _builder_version=&#8220;4.4.1&#8243;][et_pb_blurb title=&#8220;Training&#8220; image=&#8220;http:\/\/www.a4personal.ch\/wp-content\/uploads\/2020\/03\/training.png&#8220; icon_placement=&#8220;left&#8220; _builder_version=&#8220;4.4.1&#8243; header_font=&#8220;|300|||||||&#8220; header_font_size=&#8220;18px&#8220; background_color=&#8220;#f4f4f4&#8243; custom_padding=&#8220;20px|20px|20px|20px|true|true&#8220;]<\/p>\n<p>Durch die Beurteilung der Kompetenzen k\u00f6nnen verbesserungsw\u00fcrdige Bereiche, in die das Unternehmen investiert, hervorgehoben werden.<br \/>Auf diese Weise k\u00f6nnen wir qualifizierte Mitarbeiter in der gegenw\u00e4rtigen oder einer zuk\u00fcnftigen Funktion in allen Ebenen vollst\u00e4ndig einsetzen und somit die gew\u00fcnschten Ergebnisse erzielen.<br \/>Die A4 Personal AG organisiert Kurse aus dem Katalog und On Demand zur Entwicklung von Schl\u00fcsselkompetenzen, sowohl f\u00fcr das noch nicht eingestellte Personal zur besseren Arbeitsintegrierung, als auch f\u00fcr das schon besch\u00e4ftigte Personal, im Hinblick auf Weiterbildung und Umschulung.<\/p>\n<p>[\/et_pb_blurb][\/et_pb_column][\/et_pb_row][\/et_pb_section][et_pb_section fb_built=&#8220;1&#8243; _builder_version=&#8220;4.4.1&#8243; background_color=&#8220;#f3b53d&#8220; background_image=&#8220;http:\/\/www.a4personal.ch\/wp-content\/uploads\/2020\/03\/map.png&#8220; custom_padding=&#8220;70px||70px||true|&#8220; locked=&#8220;off&#8220;][et_pb_row _builder_version=&#8220;4.4.1&#8243;][et_pb_column type=&#8220;4_4&#8243; _builder_version=&#8220;4.4.1&#8243;][et_pb_text _builder_version=&#8220;4.4.1&#8243; header_2_font=&#8220;|300|||||||&#8220; header_2_text_align=&#8220;center&#8220; header_2_text_color=&#8220;#ffffff&#8220; header_2_font_size=&#8220;30px&#8220; header_2_line_height=&#8220;0.8em&#8220; custom_margin=&#8220;||11px|||&#8220;]<\/p>\n<h2>Die A4Personal AG ist bekannt f\u00fcr:<\/h2>\n<p>[\/et_pb_text][et_pb_text _builder_version=&#8220;4.4.1&#8243; text_text_color=&#8220;#ffffff&#8220; text_orientation=&#8220;center&#8220;]<\/p>\n<p>&#8211; Das Erarbeiten und Beibehalten eines Vertrauensverh\u00e4ltnisses zu den Mitarbeitern<br \/>&#8211; Die Verwaltung des Gesch\u00e4ftes in voller \u00dcbereinstimmung mit den gesetzlichen Rahmenbedingungen zum<br \/>Schutz des Unternehmens und deren Mitarbeiter<br \/>&#8211; Das Erstellen der Profile der Fachleute in die jeweilig ausgew\u00e4hlten Funktionen, in dessen Unternehmen sie eingesetzt werden sollen;<br \/>&#8211; Die Entwicklung von Motivation, Kompetenz und Erfolg der Mitarbeiter, sie fachgerecht zu qualifizieren und an der Gew\u00e4hrleistung der gew\u00fcnschten Ziele zu beteiligen<br \/>&#8211; Das Bestehen eines Bezugspunktes aller Unternehmen in der Schweiz, die wirklich erfolgreich sein wollen!<\/p>\n<p>[\/et_pb_text][\/et_pb_column][\/et_pb_row][\/et_pb_section][et_pb_section fb_built=&#8220;1&#8243; _builder_version=&#8220;4.4.1&#8243; custom_padding=&#8220;5px|||||&#8220; locked=&#8220;off&#8220;][et_pb_row _builder_version=&#8220;4.4.1&#8243;][et_pb_column type=&#8220;4_4&#8243; _builder_version=&#8220;4.4.1&#8243;][et_pb_text _builder_version=&#8220;4.4.1&#8243; header_2_font=&#8220;|300|||||||&#8220; header_2_text_align=&#8220;center&#8220; header_2_font_size=&#8220;30px&#8220; header_2_line_height=&#8220;0.8em&#8220; custom_margin=&#8220;||11px|||&#8220;]<\/p>\n<h2>Partner und n\u00fctzliche Links<\/h2>\n<p>[\/et_pb_text][\/et_pb_column][\/et_pb_row][et_pb_row column_structure=&#8220;1_3,1_3,1_3&#8243; _builder_version=&#8220;4.4.1&#8243; border_width_top=&#8220;1px&#8220; border_color_top=&#8220;#dddddd&#8220; border_width_bottom=&#8220;1px&#8220; border_color_bottom=&#8220;#dddddd&#8220; locked=&#8220;off&#8220;][et_pb_column type=&#8220;1_3&#8243; _builder_version=&#8220;4.4.1&#8243;][et_pb_image src=&#8220;http:\/\/www.a4personal.ch\/wp-content\/uploads\/2020\/03\/partner_1.png&#8220; url=&#8220;https:\/\/www.swissstaffing.ch\/it\/Home\/index.php&#8220; align=&#8220;center&#8220; _builder_version=&#8220;4.4.1&#8243;][\/et_pb_image][\/et_pb_column][et_pb_column type=&#8220;1_3&#8243; _builder_version=&#8220;4.4.1&#8243; border_width_right=&#8220;1px&#8220; border_color_right=&#8220;#dddddd&#8220; border_width_left=&#8220;1px&#8220; border_color_left=&#8220;#dddddd&#8220; border_width_right_tablet=&#8220;&#8220; border_width_right_phone=&#8220;0px&#8220; border_width_right_last_edited=&#8220;on|phone&#8220; border_width_left_tablet=&#8220;&#8220; border_width_left_phone=&#8220;0px&#8220; border_width_left_last_edited=&#8220;on|phone&#8220;][et_pb_image src=&#8220;http:\/\/www.a4personal.ch\/wp-content\/uploads\/2020\/03\/partner-2.png&#8220; url=&#8220;https:\/\/www.arbeit.swiss\/secoalv\/de\/home\/menue\/unternehmen.html&#8220; align=&#8220;center&#8220; _builder_version=&#8220;4.4.1&#8243;][\/et_pb_image][\/et_pb_column][et_pb_column type=&#8220;1_3&#8243; _builder_version=&#8220;4.4.1&#8243;][et_pb_image src=&#8220;http:\/\/www.a4personal.ch\/wp-content\/uploads\/2020\/03\/partner-3.png&#8220; url=&#8220;https:\/\/www.carlomartines.ch\/&#8220; align=&#8220;center&#8220; _builder_version=&#8220;4.4.1&#8243; custom_margin=&#8220;17px|||||&#8220;][\/et_pb_image][\/et_pb_column][\/et_pb_row][\/et_pb_section]<\/p>\n","protected":false},"excerpt":{"rendered":"<p>Unternehmensberatung Jedes Unternehmen kann durch das Verst\u00e4ndnis der Ver\u00e4nderung des Marktes in dem sie t\u00e4tig ist und dem Erwerb der F\u00e4higkeit sich weiterzuentwickeln, wettbewerbsf\u00e4higer werden.Der eigentliche Erfolg h\u00e4ngt von den Personen, die in einer Referenzrolle oder einer Referenzabteilung t\u00e4tig sind , sowohl als auch von der Umsetzung jener Verfahren und jener Abl\u00e4ufe, die dann schlussendlich [&hellip;]<\/p>\n","protected":false},"author":1,"featured_media":0,"parent":0,"menu_order":0,"comment_status":"closed","ping_status":"closed","template":"","meta":{"_et_pb_use_builder":"on","_et_pb_old_content":"","_et_gb_content_width":"","footnotes":""},"class_list":["post-992","page","type-page","status-publish","hentry"],"_links":{"self":[{"href":"https:\/\/www.a4personal.ch\/de\/wp-json\/wp\/v2\/pages\/992","targetHints":{"allow":["GET"]}}],"collection":[{"href":"https:\/\/www.a4personal.ch\/de\/wp-json\/wp\/v2\/pages"}],"about":[{"href":"https:\/\/www.a4personal.ch\/de\/wp-json\/wp\/v2\/types\/page"}],"author":[{"embeddable":true,"href":"https:\/\/www.a4personal.ch\/de\/wp-json\/wp\/v2\/users\/1"}],"replies":[{"embeddable":true,"href":"https:\/\/www.a4personal.ch\/de\/wp-json\/wp\/v2\/comments?post=992"}],"version-history":[{"count":6,"href":"https:\/\/www.a4personal.ch\/de\/wp-json\/wp\/v2\/pages\/992\/revisions"}],"predecessor-version":[{"id":1051,"href":"https:\/\/www.a4personal.ch\/de\/wp-json\/wp\/v2\/pages\/992\/revisions\/1051"}],"wp:attachment":[{"href":"https:\/\/www.a4personal.ch\/de\/wp-json\/wp\/v2\/media?parent=992"}],"curies":[{"name":"wp","href":"https:\/\/api.w.org\/{rel}","templated":true}]}}