{"id":1289,"date":"2020-05-11T17:58:19","date_gmt":"2020-05-11T15:58:19","guid":{"rendered":"http:\/\/www.a4personal.ch\/?page_id=1289"},"modified":"2020-05-11T18:00:59","modified_gmt":"2020-05-11T16:00:59","slug":"placement","status":"publish","type":"page","link":"https:\/\/www.a4personal.ch\/fr\/placement\/","title":{"rendered":"Placement"},"content":{"rendered":"<p>[et_pb_section fb_built=\u00a0\u00bb1&Prime; _builder_version=\u00a0\u00bb4.4.1&Prime; background_color=\u00a0\u00bb#666666&Prime; background_image=\u00a0\u00bbhttp:\/\/www.a4personal.ch\/wp-content\/uploads\/2020\/03\/map.png\u00a0\u00bb background_blend=\u00a0\u00bboverlay\u00a0\u00bb locked=\u00a0\u00bboff\u00a0\u00bb][et_pb_row _builder_version=\u00a0\u00bb4.4.1&Prime;][et_pb_column type=\u00a0\u00bb4_4&Prime; _builder_version=\u00a0\u00bb4.4.1&Prime;][et_pb_text _builder_version=\u00a0\u00bb4.4.1&Prime; header_text_align=\u00a0\u00bbcenter\u00a0\u00bb header_text_color=\u00a0\u00bb#ffffff\u00a0\u00bb hover_enabled=\u00a0\u00bb0&Prime;]<\/p>\n<h1>Placement<\/h1>\n<p>[\/et_pb_text][\/et_pb_column][\/et_pb_row][\/et_pb_section][et_pb_section fb_built=\u00a0\u00bb1&Prime; _builder_version=\u00a0\u00bb4.4.1&Prime; locked=\u00a0\u00bboff\u00a0\u00bb][et_pb_row column_structure=\u00a0\u00bb1_2,1_2&Prime; _builder_version=\u00a0\u00bb4.4.1&Prime;][et_pb_column type=\u00a0\u00bb1_2&Prime; _builder_version=\u00a0\u00bb4.4.1&Prime; background_color=\u00a0\u00bb#f4f4f4&Prime; custom_padding=\u00a0\u00bb20px|20px|20px|20px|true|true\u00a0\u00bb][et_pb_blurb title=\u00a0\u00bbPlacement fixe\u00a0\u00bb image=\u00a0\u00bbhttp:\/\/www.a4personal.ch\/wp-content\/uploads\/2020\/03\/fisso.png\u00a0\u00bb icon_placement=\u00a0\u00bbleft\u00a0\u00bb _builder_version=\u00a0\u00bb4.4.1&Prime; header_font=\u00a0\u00bb|300|||||||\u00a0\u00bb header_font_size=\u00a0\u00bb18px\u00a0\u00bb hover_enabled=\u00a0\u00bb0&Prime; header_line_height_tablet=\u00a0\u00bb\u00a0\u00bb header_line_height_phone=\u00a0\u00bb2em\u00a0\u00bb header_line_height_last_edited=\u00a0\u00bbon|phone\u00a0\u00bb]<\/p>\n<p>Recherche A4 Personal SA, \u00e9value et s\u00e9lectionne pour vous du personnel sp\u00e9cialis\u00e9, qualifi\u00e9 et exp\u00e9riment\u00e9 pour les r\u00f4les du contexte. Plus pr\u00e9cis\u00e9ment, notre activit\u00e9 est r\u00e9alis\u00e9e gr\u00e2ce \u00e0:<\/p>\n<p>&#8211; L&rsquo;analyse du contexte organisationnel;<br \/>&#8211; La d\u00e9finition de la description de l&#8217;emploi (r\u00f4le) et le profil de l&#8217;emploi (exigences du candidat);<br \/>&#8211; La planification et la mise en \u0153uvre du programme des candidats \u00e0 travers une vari\u00e9t\u00e9 de moyens et canaux de recrutement de la recherche;<br \/>&#8211; L&rsquo;\u00e9valuation de la motivation, les comp\u00e9tences et la capacit\u00e9 d&rsquo;int\u00e9grer dans l\u2019emploi des candidats \u00e0 travers m\u00e9thodes de s\u00e9lection approuv\u00e9es des m\u00e9dias;<br \/>&#8211; La formation de la liste des candidats appropri\u00e9s au r\u00f4le \u00e0 remplir;<br \/>&#8211; Aider \u00e0 s\u00e9lectionner l\u2019entr\u00e9e des candidats dans l&rsquo;entreprise;<br \/>&#8211; La v\u00e9rification et l&rsquo;\u00e9valuation de l&rsquo;int\u00e9gration r\u00e9ussie des candidats dans l&rsquo;entreprise.<\/p>\n<p>Appelez-nous et nous vous mettrons en contact avec le Professional Advisor exclusivement d\u00e9di\u00e9 \u00e0 votre secteur d&rsquo;activit\u00e9.<\/p>\n<p>[\/et_pb_blurb][\/et_pb_column][et_pb_column type=\u00a0\u00bb1_2&Prime; _builder_version=\u00a0\u00bb4.4.1&Prime;][et_pb_blurb title=\u00a0\u00bbLe personnel temporaire\u00a0\u00bb image=\u00a0\u00bbhttp:\/\/www.a4personal.ch\/wp-content\/uploads\/2020\/03\/training.png\u00a0\u00bb icon_placement=\u00a0\u00bbleft\u00a0\u00bb _builder_version=\u00a0\u00bb4.4.1&Prime; header_font=\u00a0\u00bb|300|||||||\u00a0\u00bb header_font_size=\u00a0\u00bb18px\u00a0\u00bb background_color=\u00a0\u00bb#f4f4f4&Prime; custom_padding=\u00a0\u00bb20px|20px|20px|20px|true|true\u00a0\u00bb hover_enabled=\u00a0\u00bb0&Prime;]<\/p>\n<p>B\u00e2timent, Industrie, Secteur technique, IT, Commercial, Gastronomie, M\u00e9dical..<br \/>Nous avons de nombreuses ann\u00e9es d&rsquo;exp\u00e9rience dans divers secteurs \u00e9conomiques. En outre, vous pouvez nous contacter pour v\u00e9rifier notre base de donn\u00e9es du personnel temporaire.<\/p>\n<p>[\/et_pb_blurb][et_pb_blurb title=\u00a0\u00bbTry and Hire\u00a0\u00bb image=\u00a0\u00bbhttp:\/\/www.a4personal.ch\/wp-content\/uploads\/2020\/03\/try.png\u00a0\u00bb icon_placement=\u00a0\u00bbleft\u00a0\u00bb _builder_version=\u00a0\u00bb4.4.1&Prime; header_font=\u00a0\u00bb|300|||||||\u00a0\u00bb header_font_size=\u00a0\u00bb18px\u00a0\u00bb background_color=\u00a0\u00bb#f4f4f4&Prime; custom_padding=\u00a0\u00bb20px|20px|20px|20px|true|true\u00a0\u00bb hover_enabled=\u00a0\u00bb0&Prime; header_line_height_tablet=\u00a0\u00bb\u00a0\u00bb header_line_height_phone=\u00a0\u00bb2em\u00a0\u00bb header_line_height_last_edited=\u00a0\u00bbon|phone\u00a0\u00bb]<\/p>\n<p>Apr\u00e8s un recrutement rigoureux et une phase d&rsquo;essai d&rsquo;une dur\u00e9e de trois mois, A4 Personal SA vous offre la possibilit\u00e9 d&#8217;embaucher des employ\u00e9s sans co\u00fbts fixes suppl\u00e9mentaires.<\/p>\n<p>[\/et_pb_blurb][\/et_pb_column][\/et_pb_row][\/et_pb_section][et_pb_section fb_built=\u00a0\u00bb1&Prime; _builder_version=\u00a0\u00bb4.4.1&Prime; background_color=\u00a0\u00bb#f3b53d\u00a0\u00bb background_image=\u00a0\u00bbhttp:\/\/www.a4personal.ch\/wp-content\/uploads\/2020\/03\/map.png\u00a0\u00bb custom_padding=\u00a0\u00bb70px||70px||true|\u00a0\u00bb locked=\u00a0\u00bboff\u00a0\u00bb][et_pb_row _builder_version=\u00a0\u00bb4.4.1&Prime;][et_pb_column type=\u00a0\u00bb4_4&Prime; _builder_version=\u00a0\u00bb4.4.1&Prime;][et_pb_text _builder_version=\u00a0\u00bb4.4.1&Prime; header_2_font=\u00a0\u00bb|300|||||||\u00a0\u00bb header_2_text_align=\u00a0\u00bbcenter\u00a0\u00bb header_2_text_color=\u00a0\u00bb#ffffff\u00a0\u00bb header_2_font_size=\u00a0\u00bb30px\u00a0\u00bb header_2_line_height=\u00a0\u00bb0.8em\u00a0\u00bb custom_margin=\u00a0\u00bb||11px|||\u00a0\u00bb hover_enabled=\u00a0\u00bb0&Prime;]<\/p>\n<h2>A4 Personal SA est reconnue pour:<\/h2>\n<p>[\/et_pb_text][et_pb_text _builder_version=\u00a0\u00bb4.4.1&Prime; text_text_color=\u00a0\u00bb#ffffff\u00a0\u00bb text_orientation=\u00a0\u00bbcenter\u00a0\u00bb hover_enabled=\u00a0\u00bb0&Prime;]<\/p>\n<p>&#8211; Cr\u00e9er et maintenir une relation de confiance avec les entreprises avec lesquelles elle coop\u00e8re;<br \/>&#8211; G\u00e9rer l&rsquo;entreprise en pleine conformit\u00e9 avec les param\u00e8tres de la loi, pour prot\u00e9ger les entreprises et les professionnels avec lesquels elle travaille;<br \/>&#8211; Assurer l&rsquo;alignement des profils de professionnels s\u00e9lectionn\u00e9 pour le r\u00f4le qu&rsquo;ils auront \u00e0 jouer dans l&rsquo;entreprise;<br \/>&#8211; Assurer le d\u00e9veloppement de la motivation, la comp\u00e9tence et la performance des employ\u00e9s les qualifiant professionnellement et leur implication dans la r\u00e9alisation des objectifs souhait\u00e9s;<br \/>&#8211; \u00catre un point de rep\u00e8re pour toutes les entreprises du territoire suisse qui veulent vraiment r\u00e9ussir!<\/p>\n<p>[\/et_pb_text][\/et_pb_column][\/et_pb_row][\/et_pb_section][et_pb_section fb_built=\u00a0\u00bb1&Prime; _builder_version=\u00a0\u00bb4.4.1&Prime; custom_padding=\u00a0\u00bb5px|||||\u00a0\u00bb locked=\u00a0\u00bboff\u00a0\u00bb][et_pb_row _builder_version=\u00a0\u00bb4.4.1&Prime;][et_pb_column type=\u00a0\u00bb4_4&Prime; _builder_version=\u00a0\u00bb4.4.1&Prime;][et_pb_text _builder_version=\u00a0\u00bb4.4.1&Prime; header_2_font=\u00a0\u00bb|300|||||||\u00a0\u00bb header_2_text_align=\u00a0\u00bbcenter\u00a0\u00bb header_2_font_size=\u00a0\u00bb30px\u00a0\u00bb header_2_line_height=\u00a0\u00bb0.8em\u00a0\u00bb custom_margin=\u00a0\u00bb||11px|||\u00a0\u00bb hover_enabled=\u00a0\u00bb0&Prime;]<\/p>\n<h2>Partenaires et lien<\/h2>\n<p>[\/et_pb_text][\/et_pb_column][\/et_pb_row][et_pb_row column_structure=\u00a0\u00bb1_3,1_3,1_3&Prime; _builder_version=\u00a0\u00bb4.4.1&Prime; border_width_top=\u00a0\u00bb1px\u00a0\u00bb border_color_top=\u00a0\u00bb#dddddd\u00a0\u00bb border_width_bottom=\u00a0\u00bb1px\u00a0\u00bb border_color_bottom=\u00a0\u00bb#dddddd\u00a0\u00bb][et_pb_column type=\u00a0\u00bb1_3&Prime; _builder_version=\u00a0\u00bb4.4.1&Prime;][et_pb_image src=\u00a0\u00bbhttp:\/\/www.a4personal.ch\/wp-content\/uploads\/2020\/03\/partner_1.png\u00a0\u00bb url=\u00a0\u00bbhttps:\/\/www.swissstaffing.ch\/it\/Home\/index.php\u00a0\u00bb align=\u00a0\u00bbcenter\u00a0\u00bb _builder_version=\u00a0\u00bb4.4.1&Prime;][\/et_pb_image][\/et_pb_column][et_pb_column type=\u00a0\u00bb1_3&Prime; _builder_version=\u00a0\u00bb4.4.1&Prime; border_width_right=\u00a0\u00bb1px\u00a0\u00bb border_color_right=\u00a0\u00bb#dddddd\u00a0\u00bb border_width_left=\u00a0\u00bb1px\u00a0\u00bb border_color_left=\u00a0\u00bb#dddddd\u00a0\u00bb border_width_right_tablet=\u00a0\u00bb\u00a0\u00bb border_width_right_phone=\u00a0\u00bb0px\u00a0\u00bb border_width_right_last_edited=\u00a0\u00bbon|phone\u00a0\u00bb border_width_left_tablet=\u00a0\u00bb\u00a0\u00bb border_width_left_phone=\u00a0\u00bb0px\u00a0\u00bb border_width_left_last_edited=\u00a0\u00bbon|phone\u00a0\u00bb][et_pb_image src=\u00a0\u00bbhttp:\/\/www.a4personal.ch\/wp-content\/uploads\/2020\/03\/partner-2.png\u00a0\u00bb url=\u00a0\u00bbhttps:\/\/www.arbeit.swiss\/secoalv\/de\/home\/menue\/unternehmen.html\u00a0\u00bb align=\u00a0\u00bbcenter\u00a0\u00bb _builder_version=\u00a0\u00bb4.4.1&Prime;][\/et_pb_image][\/et_pb_column][et_pb_column type=\u00a0\u00bb1_3&Prime; _builder_version=\u00a0\u00bb4.4.1&Prime;][et_pb_image src=\u00a0\u00bbhttp:\/\/www.a4personal.ch\/wp-content\/uploads\/2020\/03\/partner-3.png\u00a0\u00bb url=\u00a0\u00bbhttps:\/\/www.carlomartines.ch\/\u00a0\u00bb align=\u00a0\u00bbcenter\u00a0\u00bb _builder_version=\u00a0\u00bb4.4.1&Prime; custom_margin=\u00a0\u00bb17px|||||\u00a0\u00bb][\/et_pb_image][\/et_pb_column][\/et_pb_row][\/et_pb_section]<\/p>\n","protected":false},"excerpt":{"rendered":"<p>Placement Recherche A4 Personal SA, \u00e9value et s\u00e9lectionne pour vous du personnel sp\u00e9cialis\u00e9, qualifi\u00e9 et exp\u00e9riment\u00e9 pour les r\u00f4les du contexte. Plus pr\u00e9cis\u00e9ment, notre activit\u00e9 est r\u00e9alis\u00e9e gr\u00e2ce \u00e0: &#8211; L&rsquo;analyse du contexte organisationnel;- La d\u00e9finition de la description de l&#8217;emploi (r\u00f4le) et le profil de l&#8217;emploi (exigences du candidat);- La planification et la mise [&hellip;]<\/p>\n","protected":false},"author":1,"featured_media":0,"parent":0,"menu_order":0,"comment_status":"closed","ping_status":"closed","template":"","meta":{"_et_pb_use_builder":"on","_et_pb_old_content":"","_et_gb_content_width":"","footnotes":""},"class_list":["post-1289","page","type-page","status-publish","hentry"],"_links":{"self":[{"href":"https:\/\/www.a4personal.ch\/fr\/wp-json\/wp\/v2\/pages\/1289","targetHints":{"allow":["GET"]}}],"collection":[{"href":"https:\/\/www.a4personal.ch\/fr\/wp-json\/wp\/v2\/pages"}],"about":[{"href":"https:\/\/www.a4personal.ch\/fr\/wp-json\/wp\/v2\/types\/page"}],"author":[{"embeddable":true,"href":"https:\/\/www.a4personal.ch\/fr\/wp-json\/wp\/v2\/users\/1"}],"replies":[{"embeddable":true,"href":"https:\/\/www.a4personal.ch\/fr\/wp-json\/wp\/v2\/comments?post=1289"}],"version-history":[{"count":3,"href":"https:\/\/www.a4personal.ch\/fr\/wp-json\/wp\/v2\/pages\/1289\/revisions"}],"predecessor-version":[{"id":1293,"href":"https:\/\/www.a4personal.ch\/fr\/wp-json\/wp\/v2\/pages\/1289\/revisions\/1293"}],"wp:attachment":[{"href":"https:\/\/www.a4personal.ch\/fr\/wp-json\/wp\/v2\/media?parent=1289"}],"curies":[{"name":"wp","href":"https:\/\/api.w.org\/{rel}","templated":true}]}}