{"id":1414,"date":"2020-05-12T14:08:19","date_gmt":"2020-05-12T12:08:19","guid":{"rendered":"http:\/\/www.a4personal.ch\/?page_id=1414"},"modified":"2020-05-12T14:12:37","modified_gmt":"2020-05-12T12:12:37","slug":"hr-services","status":"publish","type":"page","link":"https:\/\/www.a4personal.ch\/fr\/hr-services\/","title":{"rendered":"HR Services"},"content":{"rendered":"<p>[et_pb_section fb_built=\u00a0\u00bb1&Prime; _builder_version=\u00a0\u00bb4.4.1&Prime; background_color=\u00a0\u00bb#666666&Prime; background_image=\u00a0\u00bbhttp:\/\/www.a4personal.ch\/wp-content\/uploads\/2020\/03\/map.png\u00a0\u00bb background_blend=\u00a0\u00bboverlay\u00a0\u00bb locked=\u00a0\u00bboff\u00a0\u00bb][et_pb_row _builder_version=\u00a0\u00bb4.4.1&Prime;][et_pb_column type=\u00a0\u00bb4_4&Prime; _builder_version=\u00a0\u00bb4.4.1&Prime;][et_pb_text _builder_version=\u00a0\u00bb4.4.1&Prime; header_text_align=\u00a0\u00bbcenter\u00a0\u00bb header_text_color=\u00a0\u00bb#ffffff\u00a0\u00bb hover_enabled=\u00a0\u00bb0&Prime;]<\/p>\n<h1>HR Services<\/h1>\n<p>[\/et_pb_text][\/et_pb_column][\/et_pb_row][\/et_pb_section][et_pb_section fb_built=\u00a0\u00bb1&Prime; _builder_version=\u00a0\u00bb4.4.1&Prime; locked=\u00a0\u00bboff\u00a0\u00bb][et_pb_row column_structure=\u00a0\u00bb1_2,1_2&Prime; _builder_version=\u00a0\u00bb4.4.1&Prime;][et_pb_column type=\u00a0\u00bb1_2&Prime; _builder_version=\u00a0\u00bb4.4.1&Prime; background_color=\u00a0\u00bb#f4f4f4&Prime; custom_padding=\u00a0\u00bb20px|20px|20px|20px|true|true\u00a0\u00bb][et_pb_blurb title=\u00a0\u00bbPayroll and Outsourcing\u00a0\u00bb image=\u00a0\u00bbhttp:\/\/www.a4personal.ch\/wp-content\/uploads\/2020\/03\/payroll.png\u00a0\u00bb icon_placement=\u00a0\u00bbleft\u00a0\u00bb _builder_version=\u00a0\u00bb4.4.1&Prime; header_font=\u00a0\u00bb|300|||||||\u00a0\u00bb header_font_size=\u00a0\u00bb18px\u00a0\u00bb background_color=\u00a0\u00bb#f4f4f4&Prime; custom_padding=\u00a0\u00bb20px|20px|20px|20px|true|true\u00a0\u00bb hover_enabled=\u00a0\u00bb0&Prime; header_line_height_tablet=\u00a0\u00bb\u00a0\u00bb header_line_height_phone=\u00a0\u00bb2em\u00a0\u00bb header_line_height_last_edited=\u00a0\u00bbon|phone\u00a0\u00bb]<\/p>\n<p><span>A4 Personal SA facilite la gestion administrative du personnel et vous soutient dans: La gestion de la r\u00e9mun\u00e9ration, La gestion des cotisations de la s\u00e9curit\u00e9 sociale, Permis de s\u00e9jour temporaire pour les employ\u00e9s, Entr\u00e9es et sortiesn.<\/span><\/p>\n<p>[\/et_pb_blurb][\/et_pb_column][et_pb_column type=\u00a0\u00bb1_2&Prime; _builder_version=\u00a0\u00bb4.4.1&Prime;][et_pb_blurb title=\u00a0\u00bbConseil aux entreprises\u00a0\u00bb image=\u00a0\u00bbhttp:\/\/www.a4personal.ch\/wp-content\/uploads\/2020\/03\/analysis.png\u00a0\u00bb icon_placement=\u00a0\u00bbleft\u00a0\u00bb _builder_version=\u00a0\u00bb4.4.1&Prime; header_font=\u00a0\u00bb|300|||||||\u00a0\u00bb header_font_size=\u00a0\u00bb18px\u00a0\u00bb background_color=\u00a0\u00bb#f4f4f4&Prime; custom_padding=\u00a0\u00bb20px|20px|20px|20px|false|false\u00a0\u00bb hover_enabled=\u00a0\u00bb0&Prime; header_line_height_tablet=\u00a0\u00bb\u00a0\u00bb header_line_height_phone=\u00a0\u00bb2em\u00a0\u00bb header_line_height_last_edited=\u00a0\u00bbon|phone\u00a0\u00bb]<\/p>\n<p>Chaque entreprise peut \u00eatre de plus en plus comp\u00e9titive en comprenant les changements du march\u00e9 dans lequel elle op\u00e8re et en acqu\u00e9rant la capacit\u00e9 d&rsquo;\u00e9voluer. Votre r\u00e9ussite d\u00e9pend donc des personnes qui occupent les fonctions au sein des fonctions \/ divisions de r\u00e9f\u00e9rence, \u00e0 savoir la mise en \u0153uvre des processus et des strat\u00e9gies qui d\u00e9terminent la r\u00e9alisation des objectifs commerciaux souhait\u00e9s.<\/p>\n<p>&nbsp;<\/p>\n<p span=\"\" style=\"color: #fbb92d;\"><a href=\"http:\/\/www.a4personal.ch\/fr\/conseils\/\">Lisez tout&#8230;<\/a><\/p>\n<p>[\/et_pb_blurb][\/et_pb_column][\/et_pb_row][\/et_pb_section][et_pb_section fb_built=\u00a0\u00bb1&Prime; _builder_version=\u00a0\u00bb4.4.1&Prime; background_color=\u00a0\u00bb#f3b53d\u00a0\u00bb background_image=\u00a0\u00bbhttp:\/\/www.a4personal.ch\/wp-content\/uploads\/2020\/03\/map.png\u00a0\u00bb custom_padding=\u00a0\u00bb70px||70px||true|\u00a0\u00bb locked=\u00a0\u00bboff\u00a0\u00bb][et_pb_row _builder_version=\u00a0\u00bb4.4.1&Prime;][et_pb_column type=\u00a0\u00bb4_4&Prime; _builder_version=\u00a0\u00bb4.4.1&Prime;][et_pb_text _builder_version=\u00a0\u00bb4.4.1&Prime; header_2_font=\u00a0\u00bb|300|||||||\u00a0\u00bb header_2_text_align=\u00a0\u00bbcenter\u00a0\u00bb header_2_text_color=\u00a0\u00bb#ffffff\u00a0\u00bb header_2_font_size=\u00a0\u00bb30px\u00a0\u00bb header_2_line_height=\u00a0\u00bb0.8em\u00a0\u00bb custom_margin=\u00a0\u00bb||11px|||\u00a0\u00bb]<\/p>\n<h2><span>A4 Personal SA est reconnue pour:<\/span><\/h2>\n<p>[\/et_pb_text][et_pb_text _builder_version=\u00a0\u00bb4.4.1&Prime; text_text_color=\u00a0\u00bb#ffffff\u00a0\u00bb text_orientation=\u00a0\u00bbcenter\u00a0\u00bb]<\/p>\n<p>&#8211; Cr\u00e9er et maintenir une relation de confiance avec les entreprises avec lesquelles elle coop\u00e8re;<br \/>&#8211; G\u00e9rer l&rsquo;entreprise en pleine conformit\u00e9 avec les param\u00e8tres de la loi, pour prot\u00e9ger les entreprises et les professionnels avec lesquels elle travaille;<br \/>&#8211; Assurer l&rsquo;alignement des profils de professionnels s\u00e9lectionn\u00e9 pour le r\u00f4le qu&rsquo;ils auront \u00e0 jouer dans l&rsquo;entreprise;<br \/>&#8211; Assurer le d\u00e9veloppement de la motivation, la comp\u00e9tence et la performance des employ\u00e9s les qualifiant professionnellement et leur implication dans la r\u00e9alisation des objectifs souhait\u00e9s;<br \/>&#8211; \u00catre un point de rep\u00e8re pour toutes les entreprises du territoire suisse qui veulent vraiment r\u00e9ussir!<\/p>\n<p>[\/et_pb_text][\/et_pb_column][\/et_pb_row][\/et_pb_section][et_pb_section fb_built=\u00a0\u00bb1&Prime; _builder_version=\u00a0\u00bb4.4.1&Prime; custom_padding=\u00a0\u00bb5px|||||\u00a0\u00bb locked=\u00a0\u00bboff\u00a0\u00bb][et_pb_row _builder_version=\u00a0\u00bb4.4.1&Prime;][et_pb_column type=\u00a0\u00bb4_4&Prime; _builder_version=\u00a0\u00bb4.4.1&Prime;][et_pb_text _builder_version=\u00a0\u00bb4.4.1&Prime; header_2_font=\u00a0\u00bb|300|||||||\u00a0\u00bb header_2_text_align=\u00a0\u00bbcenter\u00a0\u00bb header_2_font_size=\u00a0\u00bb30px\u00a0\u00bb header_2_line_height=\u00a0\u00bb0.8em\u00a0\u00bb custom_margin=\u00a0\u00bb||11px|||\u00a0\u00bb]<\/p>\n<h2><span>Partenaires et Lien<\/span><\/h2>\n<p>[\/et_pb_text][\/et_pb_column][\/et_pb_row][et_pb_row column_structure=\u00a0\u00bb1_3,1_3,1_3&Prime; _builder_version=\u00a0\u00bb4.4.1&Prime; border_width_top=\u00a0\u00bb1px\u00a0\u00bb border_color_top=\u00a0\u00bb#dddddd\u00a0\u00bb border_width_bottom=\u00a0\u00bb1px\u00a0\u00bb border_color_bottom=\u00a0\u00bb#dddddd\u00a0\u00bb][et_pb_column type=\u00a0\u00bb1_3&Prime; _builder_version=\u00a0\u00bb4.4.1&Prime;][et_pb_image src=\u00a0\u00bbhttp:\/\/www.a4personal.ch\/wp-content\/uploads\/2020\/03\/partner_1.png\u00a0\u00bb url=\u00a0\u00bbhttps:\/\/www.swissstaffing.ch\/it\/Home\/index.php\u00a0\u00bb align=\u00a0\u00bbcenter\u00a0\u00bb _builder_version=\u00a0\u00bb4.4.1&Prime;][\/et_pb_image][\/et_pb_column][et_pb_column type=\u00a0\u00bb1_3&Prime; _builder_version=\u00a0\u00bb4.4.1&Prime; border_width_right=\u00a0\u00bb1px\u00a0\u00bb border_color_right=\u00a0\u00bb#dddddd\u00a0\u00bb border_width_left=\u00a0\u00bb1px\u00a0\u00bb border_color_left=\u00a0\u00bb#dddddd\u00a0\u00bb border_width_right_tablet=\u00a0\u00bb\u00a0\u00bb border_width_right_phone=\u00a0\u00bb0px\u00a0\u00bb border_width_right_last_edited=\u00a0\u00bbon|phone\u00a0\u00bb border_width_left_tablet=\u00a0\u00bb\u00a0\u00bb border_width_left_phone=\u00a0\u00bb0px\u00a0\u00bb border_width_left_last_edited=\u00a0\u00bbon|phone\u00a0\u00bb][et_pb_image src=\u00a0\u00bbhttp:\/\/www.a4personal.ch\/wp-content\/uploads\/2020\/03\/partner-2.png\u00a0\u00bb url=\u00a0\u00bbhttps:\/\/www.arbeit.swiss\/secoalv\/de\/home\/menue\/unternehmen.html\u00a0\u00bb align=\u00a0\u00bbcenter\u00a0\u00bb _builder_version=\u00a0\u00bb4.4.1&Prime;][\/et_pb_image][\/et_pb_column][et_pb_column type=\u00a0\u00bb1_3&Prime; _builder_version=\u00a0\u00bb4.4.1&Prime;][et_pb_image src=\u00a0\u00bbhttp:\/\/www.a4personal.ch\/wp-content\/uploads\/2020\/03\/partner-3.png\u00a0\u00bb url=\u00a0\u00bbhttps:\/\/www.carlomartines.ch\/\u00a0\u00bb align=\u00a0\u00bbcenter\u00a0\u00bb _builder_version=\u00a0\u00bb4.4.1&Prime; custom_margin=\u00a0\u00bb17px|||||\u00a0\u00bb][\/et_pb_image][\/et_pb_column][\/et_pb_row][\/et_pb_section]<\/p>\n","protected":false},"excerpt":{"rendered":"<p>HR Services A4 Personal SA facilite la gestion administrative du personnel et vous soutient dans: La gestion de la r\u00e9mun\u00e9ration, La gestion des cotisations de la s\u00e9curit\u00e9 sociale, Permis de s\u00e9jour temporaire pour les employ\u00e9s, Entr\u00e9es et sortiesn. Chaque entreprise peut \u00eatre de plus en plus comp\u00e9titive en comprenant les changements du march\u00e9 dans lequel [&hellip;]<\/p>\n","protected":false},"author":1,"featured_media":0,"parent":0,"menu_order":0,"comment_status":"closed","ping_status":"closed","template":"","meta":{"_et_pb_use_builder":"on","_et_pb_old_content":"","_et_gb_content_width":"","footnotes":""},"class_list":["post-1414","page","type-page","status-publish","hentry"],"_links":{"self":[{"href":"https:\/\/www.a4personal.ch\/fr\/wp-json\/wp\/v2\/pages\/1414","targetHints":{"allow":["GET"]}}],"collection":[{"href":"https:\/\/www.a4personal.ch\/fr\/wp-json\/wp\/v2\/pages"}],"about":[{"href":"https:\/\/www.a4personal.ch\/fr\/wp-json\/wp\/v2\/types\/page"}],"author":[{"embeddable":true,"href":"https:\/\/www.a4personal.ch\/fr\/wp-json\/wp\/v2\/users\/1"}],"replies":[{"embeddable":true,"href":"https:\/\/www.a4personal.ch\/fr\/wp-json\/wp\/v2\/comments?post=1414"}],"version-history":[{"count":3,"href":"https:\/\/www.a4personal.ch\/fr\/wp-json\/wp\/v2\/pages\/1414\/revisions"}],"predecessor-version":[{"id":1418,"href":"https:\/\/www.a4personal.ch\/fr\/wp-json\/wp\/v2\/pages\/1414\/revisions\/1418"}],"wp:attachment":[{"href":"https:\/\/www.a4personal.ch\/fr\/wp-json\/wp\/v2\/media?parent=1414"}],"curies":[{"name":"wp","href":"https:\/\/api.w.org\/{rel}","templated":true}]}}